{"id":898,"date":"2022-01-11T16:02:21","date_gmt":"2022-01-11T15:02:21","guid":{"rendered":"https:\/\/www.3-axes.com\/know-how\/"},"modified":"2022-05-05T11:25:34","modified_gmt":"2022-05-05T09:25:34","slug":"know-how","status":"publish","type":"page","link":"https:\/\/www.3-axes.com\/en\/know-how\/","title":{"rendered":"Know how"},"content":{"rendered":"\n<h1>\n\t\tEngineering solutions \/ manufacturing\n\t<\/h1>\n\t<h3>Your project becomes ours !!!<\/h3>\n\nYour request is a priority to which we respond with determination.\n<p>Your request is a priority to which we respond with the greatest possible care. we combine state-of-the-art machninery aproven and relaible framework and expert team.<\/p>\n<p>The fundamental methods and steps for the production process are : &#8211; Analysing your needs &#8211; Taking account of the technical contraints &#8211; Manufacturing your 1st prototype using our 3D High-performance software &#8211; Validation, testing &#8230;. In order to give you the appropriate answer on schedule.<\/p>\n<h2>\n\t\tTechnical survey\n\t<\/h2>\n\t<p>Our technical expertise and use of <strong>cutting-edge<\/strong> <strong>equipments<\/strong> allow us to give you the best advice . We also improve the manufacturing process of your bending or welded parts.<\/p>\n<h3>\n\t\tBending simulation software\n\t<\/h3>\n\t<p>With their <strong>3D soffware<\/strong>, our Enginnering office are able to simulate the production process of your parts with our CNC machinery park.<\/p>\n\t<meta itemprop=\"url\" content=\"https:\/\/www.3-axes.com\/wp-content\/uploads\/2022\/02\/VIDEO-04.mp4\"><div style=\"width: 640px;\" class=\"wp-video\"><video class=\"wp-video-shortcode\" id=\"video-898-1\" width=\"640\" height=\"360\" preload=\"metadata\" controls=\"controls\"><source type=\"video\/mp4\" src=\"https:\/\/www.3-axes.com\/wp-content\/uploads\/2022\/02\/VIDEO-04.mp4?_=1\" \/><a href=\"https:\/\/www.3-axes.com\/wp-content\/uploads\/2022\/02\/VIDEO-04.mp4\">https:\/\/www.3-axes.com\/wp-content\/uploads\/2022\/02\/VIDEO-04.mp4<\/a><\/video><\/div>\n\t\t\t\t<a href=\"https:\/\/www.3-axes.com\/wp-content\/uploads\/2022\/02\/PHOTO-045.jpg\" target=\"_self\" itemprop=\"url\" rel=\"noopener\">\n\t\t\t\t<img loading=\"lazy\" decoding=\"async\" src=\"https:\/\/www.3-axes.com\/wp-content\/uploads\/2022\/02\/PHOTO-045-500x333.jpg\" alt=\"Faisabilit\u00e9 M\u00e9cano-Soud\u00e9\" itemprop=\"image\" height=\"333\" width=\"500\" title=\"Faisabilit\u00e9 M\u00e9cano-Soud\u00e9\" onerror=\"this.style.display='none'\">\n\t\t\t\t<\/a>\n<h3>\n\t\tWelding capabilities\n\t<\/h3>\n\t<p>The bending production can be completed with our welded capabilities : we have various welding methods for the tube\/sheet. These processes are validated by our qualified expert and engineer.<\/p>\n<h3>\n\t\tManufacturing your model\n\t<\/h3>\n\t<p>3 AXES can scan your single model with our 3D robotic arm in order to define the drawings for the manufacturing process .<\/p>\n\t\t\t\t<a href=\"https:\/\/www.3-axes.com\/wp-content\/uploads\/2022\/01\/PHOTO-020.jpg\" target=\"_self\" itemprop=\"url\" rel=\"noopener\">\n\t\t\t\t<img loading=\"lazy\" decoding=\"async\" src=\"https:\/\/www.3-axes.com\/wp-content\/uploads\/2022\/01\/PHOTO-020-500x243.jpg\" alt=\"FABRICATION AU MOD\u00c8LE\" itemprop=\"image\" height=\"243\" width=\"500\" title=\"FABRICATION AU MOD\u00c8LE\" onerror=\"this.style.display='none'\">\n\t\t\t\t<\/a>\n\t\t\t\t<a href=\"https:\/\/www.3-axes.com\/wp-content\/uploads\/2022\/01\/PHOTO-030.jpg\" target=\"_self\" itemprop=\"url\" rel=\"noopener\">\n\t\t\t\t<img loading=\"lazy\" decoding=\"async\" src=\"https:\/\/www.3-axes.com\/wp-content\/uploads\/2022\/01\/PHOTO-030-500x289.jpg\" alt=\"GESTION FICHIERS\" itemprop=\"image\" height=\"289\" width=\"500\" title=\"GESTION FICHIERS\" onerror=\"this.style.display='none'\">\n\t\t\t\t<\/a>\n<h3>\n\t\t3D files management\n\t<\/h3>\n\t<p>Our drawing software allows us to convert most digital files. We can generate a PDF or STEP for the model parts.<\/p>\n<h2>\n\t\tRaw material \/ Sections\n\t<\/h2>\n\t<p>A large stock of tubes allows greater reactivity in production time to satisfy our customers<\/p>\n<h3>\n\t\tRaw material selection\n\t<\/h3>\n\t<p>We carry stocks of raw or electogalvanized steel <strong>E235<\/strong> , we also carry stainless steel like <strong>304L<\/strong> and <strong>316L<\/strong> . On request, we are able to bend specific alloys ( E355, 316TI,904L, Copper, Cupronickel, Aluminium\u2026)<\/p>\n<h3>\n\t\tSelection by measurement\n\t<\/h3>\n\t<p>Our product range is from 4mm till to 100 mm<\/p>\n\t\t\t\t<a href=\"https:\/\/www.3-axes.com\/wp-content\/uploads\/2022\/01\/PHOTO-049-e1646401688224.jpg\" target=\"_self\" itemprop=\"url\" rel=\"noopener\">\n\t\t\t\t<img loading=\"lazy\" decoding=\"async\" src=\"https:\/\/www.3-axes.com\/wp-content\/uploads\/2022\/01\/PHOTO-049-e1646401688224.jpg\" alt=\"S\u00c9LECTION PAR MATI\u00c8RE\" itemprop=\"image\" height=\"648\" width=\"1200\" title=\"S\u00c9LECTION PAR MATI\u00c8RE\" onerror=\"this.style.display='none'\">\n\t\t\t\t<\/a>\n<h2>\n\t\tProduction Capabilities\n\t<\/h2>\n\t<p>We combine State-of-the-art technique and skills to produce parts fully compliant to your requirements<\/p>\n<h3>\n\t\tBending\n\t<\/h3>\n\t<p>Our <strong>100% electrical CNC machinery park<\/strong>will satisfy all your needs with a high dimensionnal accuracy ( multi-tools, double head , fixed and variable radius , \u00d8 50 maximum)<\/p>\n\t<meta itemprop=\"url\" content=\"https:\/\/www.3-axes.com\/wp-content\/uploads\/2022\/02\/cintreuse-numerique_en_action-1.mp4\"><div style=\"width: 640px;\" class=\"wp-video\"><video class=\"wp-video-shortcode\" id=\"video-898-2\" width=\"640\" height=\"360\" preload=\"metadata\" controls=\"controls\"><source type=\"video\/mp4\" src=\"https:\/\/www.3-axes.com\/wp-content\/uploads\/2022\/02\/cintreuse-numerique_en_action-1.mp4?_=2\" \/><a href=\"https:\/\/www.3-axes.com\/wp-content\/uploads\/2022\/02\/cintreuse-numerique_en_action-1.mp4\">https:\/\/www.3-axes.com\/wp-content\/uploads\/2022\/02\/cintreuse-numerique_en_action-1.mp4<\/a><\/video><\/div>\n<h3>\n\t\tWelding\n\t<\/h3>\n\t<p>we weld our products with the best materials using various techniques ( <strong>TIG<\/strong> Steel\/stainess steel , TIG Orbital without filler metals, Semi-automatic,Flame welding-<strong>brazing<\/strong> and Induced Current Brazing ).<\/p>\n\t\t\t\t<a href=\"https:\/\/www.3-axes.com\/wp-content\/uploads\/2022\/01\/PHOTO-053.jpg\" target=\"_self\" itemprop=\"url\" rel=\"noopener\">\n\t\t\t\t<img loading=\"lazy\" decoding=\"async\" src=\"https:\/\/www.3-axes.com\/wp-content\/uploads\/2022\/01\/PHOTO-053-500x333.jpg\" alt=\"USINAGE\" itemprop=\"image\" height=\"333\" width=\"500\" title=\"USINAGE\" onerror=\"this.style.display='none'\">\n\t\t\t\t<\/a>\n<h3>\n\t\tMachining\n\t<\/h3>\n\t<p>In addition , we also offer machining services with tubes ans welded components ( drilling, coring, turning\u2026)<\/p>\n<h3>\n\t\tConnectors &#8211; Equipment\n\t<\/h3>\n\t<p>Using a series of specific tools, standards and proven protocols, we constantly maintain a very high level of quality for the pre-fittings of cutting rings according to the <strong>DIN 2353<\/strong> ,<strong>JIC<\/strong>, <strong>ORFS<\/strong>\u2026.<\/p>\n\t\t\t\t<a href=\"https:\/\/www.3-axes.com\/wp-content\/uploads\/2022\/01\/PHOTO-057-e1646401430501.jpg\" target=\"_self\" itemprop=\"url\" rel=\"noopener\">\n\t\t\t\t<img decoding=\"async\" src=\"https:\/\/www.3-axes.com\/wp-content\/uploads\/2022\/01\/PHOTO-057-500x333.jpg\" alt=\"IDENTIFICATION DES TUBES\" itemprop=\"image\" title=\"IDENTIFICATION DES TUBES\" onerror=\"this.style.display='none'\">\n\t\t\t\t<\/a>\n<h3>\n\t\tEasy identification of tubes\n\t<\/h3>\n\t<p>The labelling and identification of products is the first step in the traceability chain. Tubes are labelled with self-adhesive labels or direct marking by micro percussion on metal.<\/p>\n<h3>\n\t\tDecontamination &#8211; AIRMAT Tube Clean\n\t<\/h3>\n\t<p>In addition to standard decontamination, we provide further decontamination on request via a special foam projectile treatment (AIRMAT).<\/p>\n\t\t\t\t<a href=\"https:\/\/www.3-axes.com\/wp-content\/uploads\/2022\/01\/PHOTO-058.jpg\" target=\"_self\" itemprop=\"url\" rel=\"noopener\">\n\t\t\t\t<img loading=\"lazy\" decoding=\"async\" src=\"https:\/\/www.3-axes.com\/wp-content\/uploads\/2022\/01\/PHOTO-058-500x333.jpg\" alt=\"D\u00c9POLLUTION\" itemprop=\"image\" height=\"333\" width=\"500\" title=\"D\u00c9POLLUTION\" onerror=\"this.style.display='none'\">\n\t\t\t\t<\/a>\n<h2>\n\t\tCoating &#8211; Surface Treatment\n\t<\/h2>\n<h3>\n\t\tPassivation on stainless-steel\n\t<\/h3>\n\t<p>In order to guarantee more corrosion resistance , a passivation treatment is applied to all <strong>weded stainless-steel part<\/strong>.<\/p>\n\t\t\t\t<a href=\"https:\/\/www.3-axes.com\/wp-content\/uploads\/2022\/03\/PHOTO-075-miroir-1.jpg\" target=\"_self\" itemprop=\"url\" rel=\"noopener\">\n\t\t\t\t<img loading=\"lazy\" decoding=\"async\" src=\"https:\/\/www.3-axes.com\/wp-content\/uploads\/2022\/03\/PHOTO-075-miroir-1-500x374.jpg\" alt=\"PASSIVATION\" itemprop=\"image\" height=\"374\" width=\"500\" title=\"PASSIVATION\" onerror=\"this.style.display='none'\">\n\t\t\t\t<\/a>\n\t\t\t\t<a href=\"https:\/\/www.3-axes.com\/wp-content\/uploads\/2022\/01\/PHOTO-060.jpg\" target=\"_self\" itemprop=\"url\" rel=\"noopener\">\n\t\t\t\t<img loading=\"lazy\" decoding=\"async\" src=\"https:\/\/www.3-axes.com\/wp-content\/uploads\/2022\/01\/PHOTO-060-500x333.jpg\" alt=\"ZINGAGE\" itemprop=\"image\" height=\"333\" width=\"500\" title=\"ZINGAGE\" onerror=\"this.style.display='none'\">\n\t\t\t\t<\/a>\n<h3>\n\t\tZinc plating\n\t<\/h3>\n\t<p>On our welded steel parts, we add a <strong>zinc plating treatment ( 12\u00b5m )<\/strong>,with a minimum corrosion resistance of 200 hours before appearance of white rust and 400 hours for the red rust.<\/p>\n<h3>\n\t\tThe painting\n\t<\/h3>\n\t<p>On request, we can supply your finished parts in a RAL-colour of your choice with a high corrosion resistance like the zink plating.<\/p>\n\t\t\t\t<a href=\"https:\/\/www.3-axes.com\/wp-content\/uploads\/2022\/01\/PHOTO-061.jpg\" target=\"_self\" itemprop=\"url\" rel=\"noopener\">\n\t\t\t\t<img loading=\"lazy\" decoding=\"async\" src=\"https:\/\/www.3-axes.com\/wp-content\/uploads\/2022\/01\/PHOTO-061-500x333.jpg\" alt=\"PEINTURE\" itemprop=\"image\" height=\"333\" width=\"500\" title=\"PEINTURE\" onerror=\"this.style.display='none'\">\n\t\t\t\t<\/a>\n","protected":false},"excerpt":{"rendered":"<p>Engineering solutions \/ manufacturing Your project becomes ours !!! Your request is a priority to which we respond with determination. Your request is a priority to which we respond with the greatest possible care. we combine state-of-the-art machninery aproven and relaible framework and expert team. The fundamental methods and steps for the production process are&hellip;<\/p>\n","protected":false},"author":2,"featured_media":0,"parent":0,"menu_order":0,"comment_status":"closed","ping_status":"closed","template":"","meta":{"footnotes":""},"class_list":["post-898","page","type-page","status-publish","hentry"],"yoast_head":"<!-- This site is optimized with the Yoast SEO plugin v27.5 - https:\/\/yoast.com\/product\/yoast-seo-wordpress\/ -->\n<title>Know how - 3 axes<\/title>\n<meta name=\"description\" content=\"Fine expertise and our equipment allow us to provide you with the best advice and to work on the optimization of your parts.\" \/>\n<meta name=\"robots\" content=\"index, follow, max-snippet:-1, max-image-preview:large, max-video-preview:-1\" \/>\n<link rel=\"canonical\" href=\"https:\/\/www.3-axes.com\/en\/know-how\/\" \/>\n<meta property=\"og:locale\" content=\"en_US\" \/>\n<meta property=\"og:type\" content=\"article\" \/>\n<meta property=\"og:title\" content=\"Know how - 3 axes\" \/>\n<meta property=\"og:description\" content=\"Fine expertise and our equipment allow us to provide you with the best advice and to work on the optimization of your parts.\" \/>\n<meta property=\"og:url\" content=\"https:\/\/www.3-axes.com\/en\/know-how\/\" \/>\n<meta property=\"og:site_name\" content=\"3 axes\" \/>\n<meta property=\"article:modified_time\" content=\"2022-05-05T09:25:34+00:00\" \/>\n<meta property=\"og:image\" content=\"https:\/\/www.3-axes.com\/wp-content\/uploads\/2022\/02\/PHOTO-045-500x333.jpg\" \/>\n<meta name=\"twitter:card\" content=\"summary_large_image\" \/>\n<meta name=\"twitter:label1\" content=\"Est. reading time\" \/>\n\t<meta name=\"twitter:data1\" content=\"5 minutes\" \/>\n<script type=\"application\/ld+json\" class=\"yoast-schema-graph\">{\"@context\":\"https:\\\/\\\/schema.org\",\"@graph\":[{\"@type\":\"WebPage\",\"@id\":\"https:\\\/\\\/www.3-axes.com\\\/en\\\/know-how\\\/\",\"url\":\"https:\\\/\\\/www.3-axes.com\\\/en\\\/know-how\\\/\",\"name\":\"Know how - 3 axes\",\"isPartOf\":{\"@id\":\"https:\\\/\\\/www.3-axes.com\\\/en\\\/#website\"},\"primaryImageOfPage\":{\"@id\":\"https:\\\/\\\/www.3-axes.com\\\/en\\\/know-how\\\/#primaryimage\"},\"image\":{\"@id\":\"https:\\\/\\\/www.3-axes.com\\\/en\\\/know-how\\\/#primaryimage\"},\"thumbnailUrl\":\"https:\\\/\\\/www.3-axes.com\\\/wp-content\\\/uploads\\\/2022\\\/02\\\/PHOTO-045-500x333.jpg\",\"datePublished\":\"2022-01-11T15:02:21+00:00\",\"dateModified\":\"2022-05-05T09:25:34+00:00\",\"description\":\"Fine expertise and our equipment allow us to provide you with the best advice and to work on the optimization of your parts.\",\"breadcrumb\":{\"@id\":\"https:\\\/\\\/www.3-axes.com\\\/en\\\/know-how\\\/#breadcrumb\"},\"inLanguage\":\"en-US\",\"potentialAction\":[{\"@type\":\"ReadAction\",\"target\":[\"https:\\\/\\\/www.3-axes.com\\\/en\\\/know-how\\\/\"]}]},{\"@type\":\"ImageObject\",\"inLanguage\":\"en-US\",\"@id\":\"https:\\\/\\\/www.3-axes.com\\\/en\\\/know-how\\\/#primaryimage\",\"url\":\"https:\\\/\\\/www.3-axes.com\\\/wp-content\\\/uploads\\\/2022\\\/02\\\/PHOTO-045-500x333.jpg\",\"contentUrl\":\"https:\\\/\\\/www.3-axes.com\\\/wp-content\\\/uploads\\\/2022\\\/02\\\/PHOTO-045-500x333.jpg\"},{\"@type\":\"BreadcrumbList\",\"@id\":\"https:\\\/\\\/www.3-axes.com\\\/en\\\/know-how\\\/#breadcrumb\",\"itemListElement\":[{\"@type\":\"ListItem\",\"position\":1,\"name\":\"Accueil\",\"item\":\"https:\\\/\\\/www.3-axes.com\\\/en\\\/\"},{\"@type\":\"ListItem\",\"position\":2,\"name\":\"Know how\"}]},{\"@type\":\"WebSite\",\"@id\":\"https:\\\/\\\/www.3-axes.com\\\/en\\\/#website\",\"url\":\"https:\\\/\\\/www.3-axes.com\\\/en\\\/\",\"name\":\"3 axes\",\"description\":\"Cintrage de tubes, assemblage m\u00e9cano-soud\u00e9\",\"potentialAction\":[{\"@type\":\"SearchAction\",\"target\":{\"@type\":\"EntryPoint\",\"urlTemplate\":\"https:\\\/\\\/www.3-axes.com\\\/en\\\/?s={search_term_string}\"},\"query-input\":{\"@type\":\"PropertyValueSpecification\",\"valueRequired\":true,\"valueName\":\"search_term_string\"}}],\"inLanguage\":\"en-US\"}]}<\/script>\n<!-- \/ Yoast SEO plugin. -->","yoast_head_json":{"title":"Know how - 3 axes","description":"Fine expertise and our equipment allow us to provide you with the best advice and to work on the optimization of your parts.","robots":{"index":"index","follow":"follow","max-snippet":"max-snippet:-1","max-image-preview":"max-image-preview:large","max-video-preview":"max-video-preview:-1"},"canonical":"https:\/\/www.3-axes.com\/en\/know-how\/","og_locale":"en_US","og_type":"article","og_title":"Know how - 3 axes","og_description":"Fine expertise and our equipment allow us to provide you with the best advice and to work on the optimization of your parts.","og_url":"https:\/\/www.3-axes.com\/en\/know-how\/","og_site_name":"3 axes","article_modified_time":"2022-05-05T09:25:34+00:00","og_image":[{"url":"https:\/\/www.3-axes.com\/wp-content\/uploads\/2022\/02\/PHOTO-045-500x333.jpg","type":"","width":"","height":""}],"twitter_card":"summary_large_image","twitter_misc":{"Est. reading time":"5 minutes"},"schema":{"@context":"https:\/\/schema.org","@graph":[{"@type":"WebPage","@id":"https:\/\/www.3-axes.com\/en\/know-how\/","url":"https:\/\/www.3-axes.com\/en\/know-how\/","name":"Know how - 3 axes","isPartOf":{"@id":"https:\/\/www.3-axes.com\/en\/#website"},"primaryImageOfPage":{"@id":"https:\/\/www.3-axes.com\/en\/know-how\/#primaryimage"},"image":{"@id":"https:\/\/www.3-axes.com\/en\/know-how\/#primaryimage"},"thumbnailUrl":"https:\/\/www.3-axes.com\/wp-content\/uploads\/2022\/02\/PHOTO-045-500x333.jpg","datePublished":"2022-01-11T15:02:21+00:00","dateModified":"2022-05-05T09:25:34+00:00","description":"Fine expertise and our equipment allow us to provide you with the best advice and to work on the optimization of your parts.","breadcrumb":{"@id":"https:\/\/www.3-axes.com\/en\/know-how\/#breadcrumb"},"inLanguage":"en-US","potentialAction":[{"@type":"ReadAction","target":["https:\/\/www.3-axes.com\/en\/know-how\/"]}]},{"@type":"ImageObject","inLanguage":"en-US","@id":"https:\/\/www.3-axes.com\/en\/know-how\/#primaryimage","url":"https:\/\/www.3-axes.com\/wp-content\/uploads\/2022\/02\/PHOTO-045-500x333.jpg","contentUrl":"https:\/\/www.3-axes.com\/wp-content\/uploads\/2022\/02\/PHOTO-045-500x333.jpg"},{"@type":"BreadcrumbList","@id":"https:\/\/www.3-axes.com\/en\/know-how\/#breadcrumb","itemListElement":[{"@type":"ListItem","position":1,"name":"Accueil","item":"https:\/\/www.3-axes.com\/en\/"},{"@type":"ListItem","position":2,"name":"Know how"}]},{"@type":"WebSite","@id":"https:\/\/www.3-axes.com\/en\/#website","url":"https:\/\/www.3-axes.com\/en\/","name":"3 axes","description":"Cintrage de tubes, assemblage m\u00e9cano-soud\u00e9","potentialAction":[{"@type":"SearchAction","target":{"@type":"EntryPoint","urlTemplate":"https:\/\/www.3-axes.com\/en\/?s={search_term_string}"},"query-input":{"@type":"PropertyValueSpecification","valueRequired":true,"valueName":"search_term_string"}}],"inLanguage":"en-US"}]}},"_links":{"self":[{"href":"https:\/\/www.3-axes.com\/en\/wp-json\/wp\/v2\/pages\/898","targetHints":{"allow":["GET"]}}],"collection":[{"href":"https:\/\/www.3-axes.com\/en\/wp-json\/wp\/v2\/pages"}],"about":[{"href":"https:\/\/www.3-axes.com\/en\/wp-json\/wp\/v2\/types\/page"}],"author":[{"embeddable":true,"href":"https:\/\/www.3-axes.com\/en\/wp-json\/wp\/v2\/users\/2"}],"replies":[{"embeddable":true,"href":"https:\/\/www.3-axes.com\/en\/wp-json\/wp\/v2\/comments?post=898"}],"version-history":[{"count":13,"href":"https:\/\/www.3-axes.com\/en\/wp-json\/wp\/v2\/pages\/898\/revisions"}],"predecessor-version":[{"id":1236,"href":"https:\/\/www.3-axes.com\/en\/wp-json\/wp\/v2\/pages\/898\/revisions\/1236"}],"wp:attachment":[{"href":"https:\/\/www.3-axes.com\/en\/wp-json\/wp\/v2\/media?parent=898"}],"curies":[{"name":"wp","href":"https:\/\/api.w.org\/{rel}","templated":true}]}}